{"id":500,"date":"2023-11-21T12:20:35","date_gmt":"2023-11-21T10:20:35","guid":{"rendered":"https:\/\/www.mdasau.com\/fabricacion-afilado-herramientas-corte\/"},"modified":"2024-02-15T14:03:09","modified_gmt":"2024-02-15T12:03:09","slug":"fabricacio-esmolat-eines-tall","status":"publish","type":"page","link":"https:\/\/www.mdasau.com\/ca\/fabricacio-esmolat-eines-tall\/","title":{"rendered":"Fabricaci\u00f3 i esmolat d'eines de tall de carn"},"content":{"rendered":"","protected":false},"excerpt":{"rendered":"","protected":false},"author":1,"featured_media":0,"parent":0,"menu_order":0,"comment_status":"closed","ping_status":"closed","template":"","meta":{"footnotes":""},"class_list":["post-500","page","type-page","status-publish","hentry"],"yoast_head":"<!-- This site is optimized with the Yoast SEO plugin v23.5 - https:\/\/yoast.com\/wordpress\/plugins\/seo\/ -->\n<title>Fabricaci\u00f3 i esmolat d&#039;eines de tall de carn - MDASAU<\/title>\n<meta name=\"description\" content=\"Serveis personalitzats i adaptats d&#039;esmolat i fabricaci\u00f3 de fulles i eines de tall de carn per la ind\u00fastria c\u00e0rnica\" \/>\n<meta name=\"robots\" content=\"index, follow, max-snippet:-1, max-image-preview:large, max-video-preview:-1\" \/>\n<link rel=\"canonical\" href=\"https:\/\/www.mdasau.com\/ca\/fabricacio-esmolat-eines-tall\/\" \/>\n<meta property=\"og:locale\" content=\"ca_ES\" \/>\n<meta property=\"og:type\" content=\"article\" \/>\n<meta property=\"og:title\" content=\"Fabricaci\u00f3 i esmolat d&#039;eines de tall de carn\" \/>\n<meta property=\"og:description\" content=\"Serveis personalitzats i adaptats d&#039;esmolat i fabricaci\u00f3 de fulles i eines de tall de carn per la ind\u00fastria c\u00e0rnica\" \/>\n<meta property=\"og:url\" content=\"https:\/\/www.mdasau.com\/ca\/fabricacio-esmolat-eines-tall\/\" \/>\n<meta property=\"og:site_name\" content=\"MDASAU\" \/>\n<meta property=\"article:modified_time\" content=\"2024-02-15T12:03:09+00:00\" \/>\n<meta property=\"og:image\" content=\"https:\/\/www.mdasau.com\/wp-content\/uploads\/2024\/02\/afilado-fabricacion-cuchillas.jpg\" \/>\n\t<meta property=\"og:image:width\" content=\"1800\" \/>\n\t<meta property=\"og:image:height\" content=\"929\" \/>\n\t<meta property=\"og:image:type\" content=\"image\/jpeg\" \/>\n<meta name=\"twitter:card\" content=\"summary_large_image\" \/>\n<meta name=\"twitter:title\" content=\"Fabricaci\u00f3 i esmolat d&#039;eines de tall de carn\" \/>\n<meta name=\"twitter:description\" content=\"Serveis personalitzats i adaptats d&#039;esmolat i fabricaci\u00f3 de fulles i eines de tall de carn per la ind\u00fastria c\u00e0rnica\" \/>\n<meta name=\"twitter:image\" content=\"https:\/\/www.mdasau.com\/wp-content\/uploads\/2024\/02\/afilado-fabricacion-cuchillas.jpg\" \/>\n<meta name=\"twitter:label1\" content=\"Temps estimat de lectura\" \/>\n\t<meta name=\"twitter:data1\" content=\"4 minuts\" \/>\n<script type=\"application\/ld+json\" class=\"yoast-schema-graph\">{\"@context\":\"https:\/\/schema.org\",\"@graph\":[{\"@type\":\"WebPage\",\"@id\":\"https:\/\/www.mdasau.com\/ca\/fabricacio-esmolat-eines-tall\/\",\"url\":\"https:\/\/www.mdasau.com\/ca\/fabricacio-esmolat-eines-tall\/\",\"name\":\"Fabricaci\u00f3 i esmolat d'eines de tall de carn - MDASAU\",\"isPartOf\":{\"@id\":\"https:\/\/www.mdasau.com\/#website\"},\"datePublished\":\"2023-11-21T10:20:35+00:00\",\"dateModified\":\"2024-02-15T12:03:09+00:00\",\"description\":\"Serveis personalitzats i adaptats d'esmolat i fabricaci\u00f3 de fulles i eines de tall de carn per la ind\u00fastria c\u00e0rnica\",\"breadcrumb\":{\"@id\":\"https:\/\/www.mdasau.com\/ca\/fabricacio-esmolat-eines-tall\/#breadcrumb\"},\"inLanguage\":\"ca\",\"potentialAction\":[{\"@type\":\"ReadAction\",\"target\":[\"https:\/\/www.mdasau.com\/ca\/fabricacio-esmolat-eines-tall\/\"]}]},{\"@type\":\"BreadcrumbList\",\"@id\":\"https:\/\/www.mdasau.com\/ca\/fabricacio-esmolat-eines-tall\/#breadcrumb\",\"itemListElement\":[{\"@type\":\"ListItem\",\"position\":1,\"name\":\"Portada\",\"item\":\"https:\/\/www.mdasau.com\/\"},{\"@type\":\"ListItem\",\"position\":2,\"name\":\"Fabricaci\u00f3 i esmolat d'eines de tall de carn\"}]},{\"@type\":\"WebSite\",\"@id\":\"https:\/\/www.mdasau.com\/#website\",\"url\":\"https:\/\/www.mdasau.com\/\",\"name\":\"MDASAU\",\"description\":\"Fabricaci\u00f3 i esmolat d&#039;eines per la ind\u00fastria c\u00e0rnica\",\"publisher\":{\"@id\":\"https:\/\/www.mdasau.com\/#organization\"},\"potentialAction\":[{\"@type\":\"SearchAction\",\"target\":{\"@type\":\"EntryPoint\",\"urlTemplate\":\"https:\/\/www.mdasau.com\/?s={search_term_string}\"},\"query-input\":{\"@type\":\"PropertyValueSpecification\",\"valueRequired\":true,\"valueName\":\"search_term_string\"}}],\"inLanguage\":\"ca\"},{\"@type\":\"Organization\",\"@id\":\"https:\/\/www.mdasau.com\/#organization\",\"name\":\"MDASAU\",\"url\":\"https:\/\/www.mdasau.com\/\",\"logo\":{\"@type\":\"ImageObject\",\"inLanguage\":\"ca\",\"@id\":\"https:\/\/www.mdasau.com\/#\/schema\/logo\/image\/\",\"url\":\"https:\/\/www.mdasau.com\/wp-content\/uploads\/2023\/12\/cropped-logo2019-4simple2.jpg\",\"contentUrl\":\"https:\/\/www.mdasau.com\/wp-content\/uploads\/2023\/12\/cropped-logo2019-4simple2.jpg\",\"width\":512,\"height\":512,\"caption\":\"MDASAU\"},\"image\":{\"@id\":\"https:\/\/www.mdasau.com\/#\/schema\/logo\/image\/\"}}]}<\/script>\n<!-- \/ Yoast SEO plugin. -->","yoast_head_json":{"title":"Fabricaci\u00f3 i esmolat d'eines de tall de carn - MDASAU","description":"Serveis personalitzats i adaptats d'esmolat i fabricaci\u00f3 de fulles i eines de tall de carn per la ind\u00fastria c\u00e0rnica","robots":{"index":"index","follow":"follow","max-snippet":"max-snippet:-1","max-image-preview":"max-image-preview:large","max-video-preview":"max-video-preview:-1"},"canonical":"https:\/\/www.mdasau.com\/ca\/fabricacio-esmolat-eines-tall\/","og_locale":"ca_ES","og_type":"article","og_title":"Fabricaci\u00f3 i esmolat d'eines de tall de carn","og_description":"Serveis personalitzats i adaptats d'esmolat i fabricaci\u00f3 de fulles i eines de tall de carn per la ind\u00fastria c\u00e0rnica","og_url":"https:\/\/www.mdasau.com\/ca\/fabricacio-esmolat-eines-tall\/","og_site_name":"MDASAU","article_modified_time":"2024-02-15T12:03:09+00:00","og_image":[{"width":1800,"height":929,"url":"https:\/\/www.mdasau.com\/wp-content\/uploads\/2024\/02\/afilado-fabricacion-cuchillas.jpg","type":"image\/jpeg"}],"twitter_card":"summary_large_image","twitter_title":"Fabricaci\u00f3 i esmolat d'eines de tall de carn","twitter_description":"Serveis personalitzats i adaptats d'esmolat i fabricaci\u00f3 de fulles i eines de tall de carn per la ind\u00fastria c\u00e0rnica","twitter_image":"https:\/\/www.mdasau.com\/wp-content\/uploads\/2024\/02\/afilado-fabricacion-cuchillas.jpg","twitter_misc":{"Temps estimat de lectura":"4 minuts"},"schema":{"@context":"https:\/\/schema.org","@graph":[{"@type":"WebPage","@id":"https:\/\/www.mdasau.com\/ca\/fabricacio-esmolat-eines-tall\/","url":"https:\/\/www.mdasau.com\/ca\/fabricacio-esmolat-eines-tall\/","name":"Fabricaci\u00f3 i esmolat d'eines de tall de carn - MDASAU","isPartOf":{"@id":"https:\/\/www.mdasau.com\/#website"},"datePublished":"2023-11-21T10:20:35+00:00","dateModified":"2024-02-15T12:03:09+00:00","description":"Serveis personalitzats i adaptats d'esmolat i fabricaci\u00f3 de fulles i eines de tall de carn per la ind\u00fastria c\u00e0rnica","breadcrumb":{"@id":"https:\/\/www.mdasau.com\/ca\/fabricacio-esmolat-eines-tall\/#breadcrumb"},"inLanguage":"ca","potentialAction":[{"@type":"ReadAction","target":["https:\/\/www.mdasau.com\/ca\/fabricacio-esmolat-eines-tall\/"]}]},{"@type":"BreadcrumbList","@id":"https:\/\/www.mdasau.com\/ca\/fabricacio-esmolat-eines-tall\/#breadcrumb","itemListElement":[{"@type":"ListItem","position":1,"name":"Portada","item":"https:\/\/www.mdasau.com\/"},{"@type":"ListItem","position":2,"name":"Fabricaci\u00f3 i esmolat d'eines de tall de carn"}]},{"@type":"WebSite","@id":"https:\/\/www.mdasau.com\/#website","url":"https:\/\/www.mdasau.com\/","name":"MDASAU","description":"Fabricaci\u00f3 i esmolat d&#039;eines per la ind\u00fastria c\u00e0rnica","publisher":{"@id":"https:\/\/www.mdasau.com\/#organization"},"potentialAction":[{"@type":"SearchAction","target":{"@type":"EntryPoint","urlTemplate":"https:\/\/www.mdasau.com\/?s={search_term_string}"},"query-input":{"@type":"PropertyValueSpecification","valueRequired":true,"valueName":"search_term_string"}}],"inLanguage":"ca"},{"@type":"Organization","@id":"https:\/\/www.mdasau.com\/#organization","name":"MDASAU","url":"https:\/\/www.mdasau.com\/","logo":{"@type":"ImageObject","inLanguage":"ca","@id":"https:\/\/www.mdasau.com\/#\/schema\/logo\/image\/","url":"https:\/\/www.mdasau.com\/wp-content\/uploads\/2023\/12\/cropped-logo2019-4simple2.jpg","contentUrl":"https:\/\/www.mdasau.com\/wp-content\/uploads\/2023\/12\/cropped-logo2019-4simple2.jpg","width":512,"height":512,"caption":"MDASAU"},"image":{"@id":"https:\/\/www.mdasau.com\/#\/schema\/logo\/image\/"}}]}},"_links":{"self":[{"href":"https:\/\/www.mdasau.com\/ca\/wp-json\/wp\/v2\/pages\/500","targetHints":{"allow":["GET"]}}],"collection":[{"href":"https:\/\/www.mdasau.com\/ca\/wp-json\/wp\/v2\/pages"}],"about":[{"href":"https:\/\/www.mdasau.com\/ca\/wp-json\/wp\/v2\/types\/page"}],"author":[{"embeddable":true,"href":"https:\/\/www.mdasau.com\/ca\/wp-json\/wp\/v2\/users\/1"}],"replies":[{"embeddable":true,"href":"https:\/\/www.mdasau.com\/ca\/wp-json\/wp\/v2\/comments?post=500"}],"version-history":[{"count":2,"href":"https:\/\/www.mdasau.com\/ca\/wp-json\/wp\/v2\/pages\/500\/revisions"}],"predecessor-version":[{"id":504,"href":"https:\/\/www.mdasau.com\/ca\/wp-json\/wp\/v2\/pages\/500\/revisions\/504"}],"wp:attachment":[{"href":"https:\/\/www.mdasau.com\/ca\/wp-json\/wp\/v2\/media?parent=500"}],"curies":[{"name":"wp","href":"https:\/\/api.w.org\/{rel}","templated":true}]}}